{"id":1141,"date":"2022-04-13T08:09:35","date_gmt":"2022-04-13T08:09:35","guid":{"rendered":"https:\/\/vxd0vf8v3tr.c.updraftclone.com\/?page_id=1141"},"modified":"2022-04-13T14:30:13","modified_gmt":"2022-04-13T14:30:13","slug":"blog","status":"publish","type":"page","link":"https:\/\/www.climatebricks.com\/de\/blog","title":{"rendered":"Blog"},"content":{"rendered":"\t\t<div data-elementor-type=\"wp-page\" data-elementor-id=\"1141\" class=\"elementor elementor-1141\">\n\t\t\t\t\t\t<section class=\"elementor-section elementor-top-section elementor-element elementor-element-d493e54 elementor-section-boxed elementor-section-height-default elementor-section-height-default\" data-id=\"d493e54\" data-element_type=\"section\">\n\t\t\t\t\t\t<div class=\"elementor-container elementor-column-gap-default\">\n\t\t\t\t\t<div class=\"elementor-column elementor-col-100 elementor-top-column elementor-element elementor-element-330791e\" data-id=\"330791e\" data-element_type=\"column\">\n\t\t\t<div class=\"elementor-widget-wrap elementor-element-populated\">\n\t\t\t\t\t\t<div class=\"elementor-element elementor-element-8c41eed elementor-widget elementor-widget-heading\" data-id=\"8c41eed\" data-element_type=\"widget\" data-widget_type=\"heading.default\">\n\t\t\t\t<div class=\"elementor-widget-container\">\n\t\t\t\t\t<h1 class=\"elementor-heading-title elementor-size-default\">Blog<\/h1>\t\t\t\t<\/div>\n\t\t\t\t<\/div>\n\t\t\t\t\t<\/div>\n\t\t<\/div>\n\t\t\t\t\t<\/div>\n\t\t<\/section>\n\t\t\t\t<section class=\"elementor-section elementor-top-section elementor-element elementor-element-7aab7c1 elementor-section-boxed elementor-section-height-default elementor-section-height-default\" data-id=\"7aab7c1\" data-element_type=\"section\">\n\t\t\t\t\t\t<div class=\"elementor-container elementor-column-gap-default\">\n\t\t\t\t\t<div class=\"elementor-column elementor-col-100 elementor-top-column elementor-element elementor-element-5f84a1c\" data-id=\"5f84a1c\" data-element_type=\"column\">\n\t\t\t<div class=\"elementor-widget-wrap elementor-element-populated\">\n\t\t\t\t\t\t<div class=\"elementor-element elementor-element-ae61631 elementor-grid-eael-col-2 elementor-grid-tablet-eael-col-2 elementor-grid-mobile-eael-col-1 elementor-widget elementor-widget-eael-post-grid\" data-id=\"ae61631\" data-element_type=\"widget\" data-settings=\"{&quot;eael_post_grid_columns&quot;:&quot;eael-col-2&quot;,&quot;eael_post_grid_columns_tablet&quot;:&quot;eael-col-2&quot;,&quot;eael_post_grid_columns_mobile&quot;:&quot;eael-col-1&quot;}\" data-widget_type=\"eael-post-grid.default\">\n\t\t\t\t<div class=\"elementor-widget-container\">\n\t\t\t\t\t<div id=\"eael-post-grid-ae61631\" class=\"eael-post-grid-container\">\n            <div class=\"eael-post-grid eael-post-appender eael-post-appender-ae61631 eael-post-grid-style-one\" data-layout-mode=\"grid\"><article class=\"eael-grid-post eael-post-grid-column\" data-id=\"105\">\n        <div class=\"eael-grid-post-holder\">\n            <div class=\"eael-grid-post-holder-inner\"><div class=\"eael-entry-media\"><div class=\"eael-entry-overlay none\"><i class=\"fas fa-long-arrow-alt-right\" aria-hidden=\"true\"><\/i><a href=\"https:\/\/www.climatebricks.com\/de\/blog\/ueberschwemmung-stuerme-hitzewellen\"><\/a><\/div><div class=\"eael-entry-thumbnail \">\n                <img decoding=\"async\" width=\"300\" height=\"84\" src=\"https:\/\/www.climatebricks.com\/wp-content\/uploads\/2021\/07\/aster_patagonia_glacier_1920_540-300x84.jpg\" class=\"attachment-medium size-medium wp-image-79\" alt=\"\" srcset=\"https:\/\/www.climatebricks.com\/wp-content\/uploads\/2021\/07\/aster_patagonia_glacier_1920_540-300x84.jpg 300w, https:\/\/www.climatebricks.com\/wp-content\/uploads\/2021\/07\/aster_patagonia_glacier_1920_540-1024x288.jpg 1024w, https:\/\/www.climatebricks.com\/wp-content\/uploads\/2021\/07\/aster_patagonia_glacier_1920_540-768x216.jpg 768w, https:\/\/www.climatebricks.com\/wp-content\/uploads\/2021\/07\/aster_patagonia_glacier_1920_540-1536x432.jpg 1536w, https:\/\/www.climatebricks.com\/wp-content\/uploads\/2021\/07\/aster_patagonia_glacier_1920_540.jpg 1920w\" sizes=\"(max-width: 300px) 100vw, 300px\" \/>\n            <\/div>\n        <\/div><div class=\"eael-entry-wrapper\"><header class=\"eael-entry-header\"><h2 class=\"eael-entry-title\"><a class=\"eael-grid-post-link\" href=\"https:\/\/www.climatebricks.com\/de\/blog\/ueberschwemmung-stuerme-hitzewellen\" title=\"\u00dcberschwemmung, St\u00fcrme, Hitzewellen: Klimawandel macht Wetter extremer\">\u00dcberschwemmung, St\u00fcrme, Hitzewellen: Klimawandel macht Wetter extremer<\/a><\/h2><\/header><div class=\"eael-entry-content\">\n                        <div class=\"eael-grid-post-excerpt\"><p>\u00dcberschwemmung, St\u00fcrme, Hitzewellen. \u00dcberall h\u00f6ren wir immer h\u00e4ufiger von extremen Wetterereignissen, auch an Orten, die bisher als \u201esicher\u201c galten. Gibt es einen Zusammenhang zwischen dem...<\/p><a href=\"https:\/\/www.climatebricks.com\/de\/blog\/ueberschwemmung-stuerme-hitzewellen\" class=\"eael-post-elements-readmore-btn\">Blog lesen<\/a><\/div>\n                    <\/div><\/div><\/div>\n        <\/div>\n    <\/article><article class=\"eael-grid-post eael-post-grid-column\" data-id=\"1\">\n        <div class=\"eael-grid-post-holder\">\n            <div class=\"eael-grid-post-holder-inner\"><div class=\"eael-entry-media\"><div class=\"eael-entry-overlay none\"><i class=\"fas fa-long-arrow-alt-right\" aria-hidden=\"true\"><\/i><a href=\"https:\/\/www.climatebricks.com\/de\/blog\/ipcc-klimareport-2021\"><\/a><\/div><div class=\"eael-entry-thumbnail \">\n                <img fetchpriority=\"high\" decoding=\"async\" width=\"300\" height=\"204\" src=\"https:\/\/www.climatebricks.com\/wp-content\/uploads\/2021\/07\/changing-300x204.jpg\" class=\"attachment-medium size-medium wp-image-97\" alt=\"Changing by the artist Alisa Singer &quot;As we witness our planet transforming around us we watch, listen, measure \u2026 respond.&quot; From: https:\/\/www.ipcc.ch\/report\/ar6\/wg1\/\" \/>\n            <\/div>\n        <\/div><div class=\"eael-entry-wrapper\"><header class=\"eael-entry-header\"><h2 class=\"eael-entry-title\"><a class=\"eael-grid-post-link\" href=\"https:\/\/www.climatebricks.com\/de\/blog\/ipcc-klimareport-2021\" title=\"Sechster Klimareport des IPCC erschienen\">Sechster Klimareport des IPCC erschienen<\/a><\/h2><\/header><div class=\"eael-entry-content\">\n                        <div class=\"eael-grid-post-excerpt\"><p>Der Klimawandel ist da. Heute machte der IPCC mit dem Sechsten Bericht zum Klimawandel unmissverst\u00e4ndlich deutlich, dass unsere Nutzung fossiler Brennstoffe wie Kohle, \u00d6l und...<\/p><a href=\"https:\/\/www.climatebricks.com\/de\/blog\/ipcc-klimareport-2021\" class=\"eael-post-elements-readmore-btn\">Blog lesen<\/a><\/div>\n                    <\/div><\/div><\/div>\n        <\/div>\n    <\/article><\/div>\n            <div class=\"clearfix\"><\/div>\n        <\/div>\t\t\t\t<\/div>\n\t\t\t\t<\/div>\n\t\t\t\t\t<\/div>\n\t\t<\/div>\n\t\t\t\t\t<\/div>\n\t\t<\/section>\n\t\t\t\t<\/div>\n\t\t","protected":false},"excerpt":{"rendered":"<p>Blog \u00dcberschwemmung, St\u00fcrme, Hitzewellen: Klimawandel macht Wetter extremer \u00dcberschwemmung, St\u00fcrme, Hitzewellen. \u00dcberall h\u00f6ren wir immer h\u00e4ufiger von extremen Wetterereignissen, auch an Orten, die bisher als \u201esicher\u201c galten. Gibt es einen Zusammenhang zwischen dem&#8230; Blog lesen Sechster Klimareport des IPCC erschienen Der Klimawandel ist da. Heute machte der IPCC mit dem Sechsten Bericht zum Klimawandel unmissverst\u00e4ndlich [&hellip;]<\/p>\n","protected":false},"author":3,"featured_media":0,"parent":0,"menu_order":0,"comment_status":"closed","ping_status":"closed","template":"elementor_header_footer","meta":{"_monsterinsights_skip_tracking":false,"_monsterinsights_sitenote_active":false,"_monsterinsights_sitenote_note":"","_monsterinsights_sitenote_category":0,"site-sidebar-layout":"no-sidebar","site-content-layout":"page-builder","ast-site-content-layout":"default","site-content-style":"default","site-sidebar-style":"default","ast-global-header-display":"","ast-banner-title-visibility":"","ast-main-header-display":"","ast-hfb-above-header-display":"","ast-hfb-below-header-display":"","ast-hfb-mobile-header-display":"","site-post-title":"disabled","ast-breadcrumbs-content":"","ast-featured-img":"disabled","footer-sml-layout":"","ast-disable-related-posts":"","theme-transparent-header-meta":"","adv-header-id-meta":"","stick-header-meta":"","header-above-stick-meta":"","header-main-stick-meta":"","header-below-stick-meta":"","astra-migrate-meta-layouts":"default","ast-page-background-enabled":"default","ast-page-background-meta":{"desktop":{"background-color":"","background-image":"","background-repeat":"repeat","background-position":"center center","background-size":"auto","background-attachment":"scroll","background-type":"","background-media":"","overlay-type":"","overlay-color":"","overlay-opacity":"","overlay-gradient":""},"tablet":{"background-color":"","background-image":"","background-repeat":"repeat","background-position":"center center","background-size":"auto","background-attachment":"scroll","background-type":"","background-media":"","overlay-type":"","overlay-color":"","overlay-opacity":"","overlay-gradient":""},"mobile":{"background-color":"","background-image":"","background-repeat":"repeat","background-position":"center center","background-size":"auto","background-attachment":"scroll","background-type":"","background-media":"","overlay-type":"","overlay-color":"","overlay-opacity":"","overlay-gradient":""}},"ast-content-background-meta":{"desktop":{"background-color":"var(--ast-global-color-5)","background-image":"","background-repeat":"repeat","background-position":"center center","background-size":"auto","background-attachment":"scroll","background-type":"","background-media":"","overlay-type":"","overlay-color":"","overlay-opacity":"","overlay-gradient":""},"tablet":{"background-color":"var(--ast-global-color-5)","background-image":"","background-repeat":"repeat","background-position":"center center","background-size":"auto","background-attachment":"scroll","background-type":"","background-media":"","overlay-type":"","overlay-color":"","overlay-opacity":"","overlay-gradient":""},"mobile":{"background-color":"var(--ast-global-color-5)","background-image":"","background-repeat":"repeat","background-position":"center center","background-size":"auto","background-attachment":"scroll","background-type":"","background-media":"","overlay-type":"","overlay-color":"","overlay-opacity":"","overlay-gradient":""}},"footnotes":""},"class_list":["post-1141","page","type-page","status-publish","hentry"],"yoast_head":"<!-- This site is optimized with the Yoast SEO plugin v26.6 - https:\/\/yoast.com\/wordpress\/plugins\/seo\/ -->\n<title>Blog - Climatebricks<\/title>\n<meta name=\"robots\" content=\"index, follow, max-snippet:-1, max-image-preview:large, max-video-preview:-1\" \/>\n<link rel=\"canonical\" href=\"https:\/\/www.climatebricks.com\/de\/blog\" \/>\n<meta property=\"og:locale\" content=\"de_DE\" \/>\n<meta property=\"og:type\" content=\"article\" \/>\n<meta property=\"og:title\" content=\"Blog - Climatebricks\" \/>\n<meta property=\"og:description\" content=\"Blog \u00dcberschwemmung, St\u00fcrme, Hitzewellen: Klimawandel macht Wetter extremer \u00dcberschwemmung, St\u00fcrme, Hitzewellen. \u00dcberall h\u00f6ren wir immer h\u00e4ufiger von extremen Wetterereignissen, auch an Orten, die bisher als \u201esicher\u201c galten. Gibt es einen Zusammenhang zwischen dem&#8230; Blog lesen Sechster Klimareport des IPCC erschienen Der Klimawandel ist da. Heute machte der IPCC mit dem Sechsten Bericht zum Klimawandel unmissverst\u00e4ndlich [&hellip;]\" \/>\n<meta property=\"og:url\" content=\"https:\/\/www.climatebricks.com\/de\/blog\" \/>\n<meta property=\"og:site_name\" content=\"Climatebricks\" \/>\n<meta property=\"article:modified_time\" content=\"2022-04-13T14:30:13+00:00\" \/>\n<meta property=\"og:image\" content=\"https:\/\/www.climatebricks.com\/wp-content\/uploads\/2021\/07\/aster_patagonia_glacier_1920_540-300x84.jpg\" \/>\n<meta name=\"twitter:card\" content=\"summary_large_image\" \/>\n<meta name=\"twitter:label1\" content=\"Gesch\u00e4tzte Lesezeit\" \/>\n\t<meta name=\"twitter:data1\" content=\"2\u00a0Minuten\" \/>\n<script type=\"application\/ld+json\" class=\"yoast-schema-graph\">{\"@context\":\"https:\/\/schema.org\",\"@graph\":[{\"@type\":\"WebPage\",\"@id\":\"https:\/\/www.climatebricks.com\/de\/blog\",\"url\":\"https:\/\/www.climatebricks.com\/de\/blog\",\"name\":\"Blog - Climatebricks\",\"isPartOf\":{\"@id\":\"https:\/\/www.climatebricks.com\/de#website\"},\"primaryImageOfPage\":{\"@id\":\"https:\/\/www.climatebricks.com\/de\/blog#primaryimage\"},\"image\":{\"@id\":\"https:\/\/www.climatebricks.com\/de\/blog#primaryimage\"},\"thumbnailUrl\":\"https:\/\/www.climatebricks.com\/wp-content\/uploads\/2021\/07\/aster_patagonia_glacier_1920_540-300x84.jpg\",\"datePublished\":\"2022-04-13T08:09:35+00:00\",\"dateModified\":\"2022-04-13T14:30:13+00:00\",\"breadcrumb\":{\"@id\":\"https:\/\/www.climatebricks.com\/de\/blog#breadcrumb\"},\"inLanguage\":\"de\",\"potentialAction\":[{\"@type\":\"ReadAction\",\"target\":[\"https:\/\/www.climatebricks.com\/de\/blog\"]}]},{\"@type\":\"ImageObject\",\"inLanguage\":\"de\",\"@id\":\"https:\/\/www.climatebricks.com\/de\/blog#primaryimage\",\"url\":\"https:\/\/www.climatebricks.com\/wp-content\/uploads\/2021\/07\/aster_patagonia_glacier_1920_540-300x84.jpg\",\"contentUrl\":\"https:\/\/www.climatebricks.com\/wp-content\/uploads\/2021\/07\/aster_patagonia_glacier_1920_540-300x84.jpg\"},{\"@type\":\"BreadcrumbList\",\"@id\":\"https:\/\/www.climatebricks.com\/de\/blog#breadcrumb\",\"itemListElement\":[{\"@type\":\"ListItem\",\"position\":1,\"name\":\"Startseite\",\"item\":\"https:\/\/www.climatebricks.com\/de\"},{\"@type\":\"ListItem\",\"position\":2,\"name\":\"Blog\"}]},{\"@type\":\"WebSite\",\"@id\":\"https:\/\/www.climatebricks.com\/de#website\",\"url\":\"https:\/\/www.climatebricks.com\/de\",\"name\":\"Climatebricks\",\"description\":\"Leben - Wohnen - Klimawandel\",\"publisher\":{\"@id\":\"https:\/\/www.climatebricks.com\/de#organization\"},\"potentialAction\":[{\"@type\":\"SearchAction\",\"target\":{\"@type\":\"EntryPoint\",\"urlTemplate\":\"https:\/\/www.climatebricks.com\/de?s={search_term_string}\"},\"query-input\":{\"@type\":\"PropertyValueSpecification\",\"valueRequired\":true,\"valueName\":\"search_term_string\"}}],\"inLanguage\":\"de\"},{\"@type\":\"Organization\",\"@id\":\"https:\/\/www.climatebricks.com\/de#organization\",\"name\":\"Climatebricks\",\"url\":\"https:\/\/www.climatebricks.com\/de\",\"logo\":{\"@type\":\"ImageObject\",\"inLanguage\":\"de\",\"@id\":\"https:\/\/www.climatebricks.com\/de#\/schema\/logo\/image\/\",\"url\":\"https:\/\/www.climatebricks.com\/wp-content\/uploads\/2021\/09\/cropped-Climatebricks-Logo.png\",\"contentUrl\":\"https:\/\/www.climatebricks.com\/wp-content\/uploads\/2021\/09\/cropped-Climatebricks-Logo.png\",\"width\":200,\"height\":66,\"caption\":\"Climatebricks\"},\"image\":{\"@id\":\"https:\/\/www.climatebricks.com\/de#\/schema\/logo\/image\/\"}}]}<\/script>\n<!-- \/ Yoast SEO plugin. -->","yoast_head_json":{"title":"Blog - Climatebricks","robots":{"index":"index","follow":"follow","max-snippet":"max-snippet:-1","max-image-preview":"max-image-preview:large","max-video-preview":"max-video-preview:-1"},"canonical":"https:\/\/www.climatebricks.com\/de\/blog","og_locale":"de_DE","og_type":"article","og_title":"Blog - Climatebricks","og_description":"Blog \u00dcberschwemmung, St\u00fcrme, Hitzewellen: Klimawandel macht Wetter extremer \u00dcberschwemmung, St\u00fcrme, Hitzewellen. \u00dcberall h\u00f6ren wir immer h\u00e4ufiger von extremen Wetterereignissen, auch an Orten, die bisher als \u201esicher\u201c galten. Gibt es einen Zusammenhang zwischen dem&#8230; Blog lesen Sechster Klimareport des IPCC erschienen Der Klimawandel ist da. Heute machte der IPCC mit dem Sechsten Bericht zum Klimawandel unmissverst\u00e4ndlich [&hellip;]","og_url":"https:\/\/www.climatebricks.com\/de\/blog","og_site_name":"Climatebricks","article_modified_time":"2022-04-13T14:30:13+00:00","og_image":[{"url":"https:\/\/www.climatebricks.com\/wp-content\/uploads\/2021\/07\/aster_patagonia_glacier_1920_540-300x84.jpg","type":"","width":"","height":""}],"twitter_card":"summary_large_image","twitter_misc":{"Gesch\u00e4tzte Lesezeit":"2\u00a0Minuten"},"schema":{"@context":"https:\/\/schema.org","@graph":[{"@type":"WebPage","@id":"https:\/\/www.climatebricks.com\/de\/blog","url":"https:\/\/www.climatebricks.com\/de\/blog","name":"Blog - Climatebricks","isPartOf":{"@id":"https:\/\/www.climatebricks.com\/de#website"},"primaryImageOfPage":{"@id":"https:\/\/www.climatebricks.com\/de\/blog#primaryimage"},"image":{"@id":"https:\/\/www.climatebricks.com\/de\/blog#primaryimage"},"thumbnailUrl":"https:\/\/www.climatebricks.com\/wp-content\/uploads\/2021\/07\/aster_patagonia_glacier_1920_540-300x84.jpg","datePublished":"2022-04-13T08:09:35+00:00","dateModified":"2022-04-13T14:30:13+00:00","breadcrumb":{"@id":"https:\/\/www.climatebricks.com\/de\/blog#breadcrumb"},"inLanguage":"de","potentialAction":[{"@type":"ReadAction","target":["https:\/\/www.climatebricks.com\/de\/blog"]}]},{"@type":"ImageObject","inLanguage":"de","@id":"https:\/\/www.climatebricks.com\/de\/blog#primaryimage","url":"https:\/\/www.climatebricks.com\/wp-content\/uploads\/2021\/07\/aster_patagonia_glacier_1920_540-300x84.jpg","contentUrl":"https:\/\/www.climatebricks.com\/wp-content\/uploads\/2021\/07\/aster_patagonia_glacier_1920_540-300x84.jpg"},{"@type":"BreadcrumbList","@id":"https:\/\/www.climatebricks.com\/de\/blog#breadcrumb","itemListElement":[{"@type":"ListItem","position":1,"name":"Startseite","item":"https:\/\/www.climatebricks.com\/de"},{"@type":"ListItem","position":2,"name":"Blog"}]},{"@type":"WebSite","@id":"https:\/\/www.climatebricks.com\/de#website","url":"https:\/\/www.climatebricks.com\/de","name":"Climatebricks","description":"Leben - Wohnen - Klimawandel","publisher":{"@id":"https:\/\/www.climatebricks.com\/de#organization"},"potentialAction":[{"@type":"SearchAction","target":{"@type":"EntryPoint","urlTemplate":"https:\/\/www.climatebricks.com\/de?s={search_term_string}"},"query-input":{"@type":"PropertyValueSpecification","valueRequired":true,"valueName":"search_term_string"}}],"inLanguage":"de"},{"@type":"Organization","@id":"https:\/\/www.climatebricks.com\/de#organization","name":"Climatebricks","url":"https:\/\/www.climatebricks.com\/de","logo":{"@type":"ImageObject","inLanguage":"de","@id":"https:\/\/www.climatebricks.com\/de#\/schema\/logo\/image\/","url":"https:\/\/www.climatebricks.com\/wp-content\/uploads\/2021\/09\/cropped-Climatebricks-Logo.png","contentUrl":"https:\/\/www.climatebricks.com\/wp-content\/uploads\/2021\/09\/cropped-Climatebricks-Logo.png","width":200,"height":66,"caption":"Climatebricks"},"image":{"@id":"https:\/\/www.climatebricks.com\/de#\/schema\/logo\/image\/"}}]}},"_links":{"self":[{"href":"https:\/\/www.climatebricks.com\/de\/wp-json\/wp\/v2\/pages\/1141","targetHints":{"allow":["GET"]}}],"collection":[{"href":"https:\/\/www.climatebricks.com\/de\/wp-json\/wp\/v2\/pages"}],"about":[{"href":"https:\/\/www.climatebricks.com\/de\/wp-json\/wp\/v2\/types\/page"}],"author":[{"embeddable":true,"href":"https:\/\/www.climatebricks.com\/de\/wp-json\/wp\/v2\/users\/3"}],"replies":[{"embeddable":true,"href":"https:\/\/www.climatebricks.com\/de\/wp-json\/wp\/v2\/comments?post=1141"}],"version-history":[{"count":44,"href":"https:\/\/www.climatebricks.com\/de\/wp-json\/wp\/v2\/pages\/1141\/revisions"}],"predecessor-version":[{"id":1199,"href":"https:\/\/www.climatebricks.com\/de\/wp-json\/wp\/v2\/pages\/1141\/revisions\/1199"}],"wp:attachment":[{"href":"https:\/\/www.climatebricks.com\/de\/wp-json\/wp\/v2\/media?parent=1141"}],"curies":[{"name":"wp","href":"https:\/\/api.w.org\/{rel}","templated":true}]}}