{"id":12,"date":"2021-07-09T10:15:55","date_gmt":"2021-07-09T10:15:55","guid":{"rendered":"https:\/\/vxd0vf8v3tr.c.updraftclone.com\/about\/"},"modified":"2022-04-26T18:57:50","modified_gmt":"2022-04-26T18:57:50","slug":"about","status":"publish","type":"page","link":"https:\/\/www.climatebricks.com\/de\/about","title":{"rendered":"About"},"content":{"rendered":"\t\t<div data-elementor-type=\"wp-page\" data-elementor-id=\"12\" class=\"elementor elementor-12\">\n\t\t\t\t\t\t<section class=\"elementor-section elementor-top-section elementor-element elementor-element-bc48769 elementor-section-boxed elementor-section-height-default elementor-section-height-default\" data-id=\"bc48769\" data-element_type=\"section\" data-settings=\"{&quot;background_background&quot;:&quot;classic&quot;}\">\n\t\t\t\t\t\t<div class=\"elementor-container elementor-column-gap-no\">\n\t\t\t\t\t<div class=\"elementor-column elementor-col-100 elementor-top-column elementor-element elementor-element-8fa271b\" data-id=\"8fa271b\" data-element_type=\"column\">\n\t\t\t<div class=\"elementor-widget-wrap elementor-element-populated\">\n\t\t\t\t\t\t<div class=\"elementor-element elementor-element-3f9c059 elementor-widget elementor-widget-heading\" data-id=\"3f9c059\" data-element_type=\"widget\" data-widget_type=\"heading.default\">\n\t\t\t\t<div class=\"elementor-widget-container\">\n\t\t\t\t\t<h1 class=\"elementor-heading-title elementor-size-default\">\u00dcber uns<\/h1>\t\t\t\t<\/div>\n\t\t\t\t<\/div>\n\t\t\t\t\t<\/div>\n\t\t<\/div>\n\t\t\t\t\t<\/div>\n\t\t<\/section>\n\t\t\t\t<section class=\"elementor-section elementor-top-section elementor-element elementor-element-6aff979 elementor-section-boxed elementor-section-height-default elementor-section-height-default\" data-id=\"6aff979\" data-element_type=\"section\" data-settings=\"{&quot;background_background&quot;:&quot;classic&quot;}\">\n\t\t\t\t\t\t<div class=\"elementor-container elementor-column-gap-default\">\n\t\t\t\t\t<div class=\"elementor-column elementor-col-33 elementor-top-column elementor-element elementor-element-ffcf270\" data-id=\"ffcf270\" data-element_type=\"column\">\n\t\t\t<div class=\"elementor-widget-wrap elementor-element-populated\">\n\t\t\t\t\t\t<div class=\"elementor-element elementor-element-5f69de2 elementor-widget elementor-widget-image\" data-id=\"5f69de2\" data-element_type=\"widget\" data-widget_type=\"image.default\">\n\t\t\t\t<div class=\"elementor-widget-container\">\n\t\t\t\t\t\t\t\t\t\t\t\t\t\t\t<img fetchpriority=\"high\" decoding=\"async\" width=\"900\" height=\"600\" src=\"https:\/\/www.climatebricks.com\/wp-content\/uploads\/2022\/04\/residences.jpg\" class=\"attachment-large size-large wp-image-931\" alt=\"\" srcset=\"https:\/\/www.climatebricks.com\/wp-content\/uploads\/2022\/04\/residences.jpg 900w, https:\/\/www.climatebricks.com\/wp-content\/uploads\/2022\/04\/residences-300x200.jpg 300w, https:\/\/www.climatebricks.com\/wp-content\/uploads\/2022\/04\/residences-768x512.jpg 768w\" sizes=\"(max-width: 900px) 100vw, 900px\" \/>\t\t\t\t\t\t\t\t\t\t\t\t\t\t\t<\/div>\n\t\t\t\t<\/div>\n\t\t\t\t<div class=\"elementor-element elementor-element-ed808b2 elementor-widget elementor-widget-heading\" data-id=\"ed808b2\" data-element_type=\"widget\" data-widget_type=\"heading.default\">\n\t\t\t\t<div class=\"elementor-widget-container\">\n\t\t\t\t\t<h2 class=\"elementor-heading-title elementor-size-default\">Die umfassende Risikoanalyse f\u00fcr Eigent\u00fcmer und Mieter<\/h2>\t\t\t\t<\/div>\n\t\t\t\t<\/div>\n\t\t\t\t\t<\/div>\n\t\t<\/div>\n\t\t\t\t<div class=\"elementor-column elementor-col-33 elementor-top-column elementor-element elementor-element-152c534 elementor-hidden-mobile\" data-id=\"152c534\" data-element_type=\"column\">\n\t\t\t<div class=\"elementor-widget-wrap elementor-element-populated\">\n\t\t\t\t\t\t<div class=\"elementor-element elementor-element-297f195 elementor-widget elementor-widget-image\" data-id=\"297f195\" data-element_type=\"widget\" data-widget_type=\"image.default\">\n\t\t\t\t<div class=\"elementor-widget-container\">\n\t\t\t\t\t\t\t\t\t\t\t\t\t\t\t<img decoding=\"async\" src=\"https:\/\/www.climatebricks.com\/wp-content\/uploads\/elementor\/thumbs\/dry-pnvm6vrsb9brquj19lplcv97uyih83wqcyx8ei6f00.jpg\" title=\"dry\" alt=\"dry\" loading=\"lazy\" \/>\t\t\t\t\t\t\t\t\t\t\t\t\t\t\t<\/div>\n\t\t\t\t<\/div>\n\t\t\t\t\t<\/div>\n\t\t<\/div>\n\t\t\t\t<div class=\"elementor-column elementor-col-33 elementor-top-column elementor-element elementor-element-79239f2\" data-id=\"79239f2\" data-element_type=\"column\">\n\t\t\t<div class=\"elementor-widget-wrap elementor-element-populated\">\n\t\t\t\t\t\t<div class=\"elementor-element elementor-element-68af7b3 elementor-hidden-mobile elementor-widget elementor-widget-image\" data-id=\"68af7b3\" data-element_type=\"widget\" data-widget_type=\"image.default\">\n\t\t\t\t<div class=\"elementor-widget-container\">\n\t\t\t\t\t\t\t\t\t\t\t\t\t\t\t<img decoding=\"async\" width=\"900\" height=\"600\" src=\"https:\/\/www.climatebricks.com\/wp-content\/uploads\/2022\/04\/residential_houses.jpg\" class=\"attachment-large size-large wp-image-935\" alt=\"\" srcset=\"https:\/\/www.climatebricks.com\/wp-content\/uploads\/2022\/04\/residential_houses.jpg 900w, https:\/\/www.climatebricks.com\/wp-content\/uploads\/2022\/04\/residential_houses-300x200.jpg 300w, https:\/\/www.climatebricks.com\/wp-content\/uploads\/2022\/04\/residential_houses-768x512.jpg 768w\" sizes=\"(max-width: 900px) 100vw, 900px\" \/>\t\t\t\t\t\t\t\t\t\t\t\t\t\t\t<\/div>\n\t\t\t\t<\/div>\n\t\t\t\t<div class=\"elementor-element elementor-element-68a969e elementor-widget elementor-widget-text-editor\" data-id=\"68a969e\" data-element_type=\"widget\" data-widget_type=\"text-editor.default\">\n\t\t\t\t<div class=\"elementor-widget-container\">\n\t\t\t\t\t\t\t\t\t<p>Wir sind ein engagiertes Team aus Fachleuten in den Bereichen Klimawandel, Immobilien und Risikoanalyse. Mit Climatebricks m\u00f6chten wir es jedem erm\u00f6glichen, von professionellen Analysen der Risiken und Chancen durch den Klimawandel zu profitieren.<\/p>\t\t\t\t\t\t\t\t<\/div>\n\t\t\t\t<\/div>\n\t\t\t\t\t<\/div>\n\t\t<\/div>\n\t\t\t\t\t<\/div>\n\t\t<\/section>\n\t\t\t\t<section class=\"elementor-section elementor-top-section elementor-element elementor-element-49707bc6 elementor-section-height-min-height elementor-section-boxed elementor-section-height-default elementor-section-items-middle\" data-id=\"49707bc6\" data-element_type=\"section\" data-settings=\"{&quot;background_background&quot;:&quot;classic&quot;}\">\n\t\t\t\t\t\t<div class=\"elementor-container elementor-column-gap-no\">\n\t\t\t\t\t<div class=\"elementor-column elementor-col-33 elementor-top-column elementor-element elementor-element-5bf71e8a\" data-id=\"5bf71e8a\" data-element_type=\"column\">\n\t\t\t<div class=\"elementor-widget-wrap elementor-element-populated\">\n\t\t\t\t\t\t<div class=\"elementor-element elementor-element-5fb2bcb2 elementor-position-inline-start elementor-view-default elementor-mobile-position-block-start elementor-widget elementor-widget-icon-box\" data-id=\"5fb2bcb2\" data-element_type=\"widget\" data-widget_type=\"icon-box.default\">\n\t\t\t\t<div class=\"elementor-widget-container\">\n\t\t\t\t\t\t\t<div class=\"elementor-icon-box-wrapper\">\n\n\t\t\t\t\t\t<div class=\"elementor-icon-box-icon\">\n\t\t\t\t<span  class=\"elementor-icon\">\n\t\t\t\t<i aria-hidden=\"true\" class=\"fas fa-mail-bulk\"><\/i>\t\t\t\t<\/span>\n\t\t\t<\/div>\n\t\t\t\n\t\t\t\t\t\t<div class=\"elementor-icon-box-content\">\n\n\t\t\t\t\t\t\t\t\t<h6 class=\"elementor-icon-box-title\">\n\t\t\t\t\t\t<span  >\n\t\t\t\t\t\t\tEmail:\t\t\t\t\t\t<\/span>\n\t\t\t\t\t<\/h6>\n\t\t\t\t\n\t\t\t\t\t\t\t\t\t<p class=\"elementor-icon-box-description\">\n\t\t\t\t\t\tinfo@climatebricks.com\t\t\t\t\t<\/p>\n\t\t\t\t\n\t\t\t<\/div>\n\t\t\t\n\t\t<\/div>\n\t\t\t\t\t\t<\/div>\n\t\t\t\t<\/div>\n\t\t\t\t\t<\/div>\n\t\t<\/div>\n\t\t\t\t<div class=\"elementor-column elementor-col-33 elementor-top-column elementor-element elementor-element-66a9de91\" data-id=\"66a9de91\" data-element_type=\"column\">\n\t\t\t<div class=\"elementor-widget-wrap elementor-element-populated\">\n\t\t\t\t\t\t<div class=\"elementor-element elementor-element-534764d2 elementor-position-inline-start elementor-view-default elementor-mobile-position-block-start elementor-widget elementor-widget-icon-box\" data-id=\"534764d2\" data-element_type=\"widget\" data-widget_type=\"icon-box.default\">\n\t\t\t\t<div class=\"elementor-widget-container\">\n\t\t\t\t\t\t\t<div class=\"elementor-icon-box-wrapper\">\n\n\t\t\t\t\t\t<div class=\"elementor-icon-box-icon\">\n\t\t\t\t<span  class=\"elementor-icon\">\n\t\t\t\t<i aria-hidden=\"true\" class=\"fas fa-phone\"><\/i>\t\t\t\t<\/span>\n\t\t\t<\/div>\n\t\t\t\n\t\t\t\t\t\t<div class=\"elementor-icon-box-content\">\n\n\t\t\t\t\t\t\t\t\t<h6 class=\"elementor-icon-box-title\">\n\t\t\t\t\t\t<span  >\n\t\t\t\t\t\t\tTelefon:\t\t\t\t\t\t<\/span>\n\t\t\t\t\t<\/h6>\n\t\t\t\t\n\t\t\t\t\t\t\t\t\t<p class=\"elementor-icon-box-description\">\n\t\t\t\t\t\t+41 79 875 9243\t\t\t\t\t<\/p>\n\t\t\t\t\n\t\t\t<\/div>\n\t\t\t\n\t\t<\/div>\n\t\t\t\t\t\t<\/div>\n\t\t\t\t<\/div>\n\t\t\t\t\t<\/div>\n\t\t<\/div>\n\t\t\t\t<div class=\"elementor-column elementor-col-33 elementor-top-column elementor-element elementor-element-f30025a\" data-id=\"f30025a\" data-element_type=\"column\">\n\t\t\t<div class=\"elementor-widget-wrap elementor-element-populated\">\n\t\t\t\t\t\t<div class=\"elementor-element elementor-element-5fa369d1 elementor-position-inline-start elementor-view-default elementor-mobile-position-block-start elementor-widget elementor-widget-icon-box\" data-id=\"5fa369d1\" data-element_type=\"widget\" data-widget_type=\"icon-box.default\">\n\t\t\t\t<div class=\"elementor-widget-container\">\n\t\t\t\t\t\t\t<div class=\"elementor-icon-box-wrapper\">\n\n\t\t\t\t\t\t<div class=\"elementor-icon-box-icon\">\n\t\t\t\t<span  class=\"elementor-icon\">\n\t\t\t\t<i aria-hidden=\"true\" class=\"fas fa-location-arrow\"><\/i>\t\t\t\t<\/span>\n\t\t\t<\/div>\n\t\t\t\n\t\t\t\t\t\t<div class=\"elementor-icon-box-content\">\n\n\t\t\t\t\t\t\t\t\t<h6 class=\"elementor-icon-box-title\">\n\t\t\t\t\t\t<span  >\n\t\t\t\t\t\t\tLocation:\t\t\t\t\t\t<\/span>\n\t\t\t\t\t<\/h6>\n\t\t\t\t\n\t\t\t\t\t\t\t\t\t<p class=\"elementor-icon-box-description\">\n\t\t\t\t\t\tZ\u00fcrich, Schweiz\t\t\t\t\t<\/p>\n\t\t\t\t\n\t\t\t<\/div>\n\t\t\t\n\t\t<\/div>\n\t\t\t\t\t\t<\/div>\n\t\t\t\t<\/div>\n\t\t\t\t\t<\/div>\n\t\t<\/div>\n\t\t\t\t\t<\/div>\n\t\t<\/section>\n\t\t\t\t<section class=\"elementor-section elementor-top-section elementor-element elementor-element-e1357b7 elementor-section-boxed elementor-section-height-default elementor-section-height-default\" data-id=\"e1357b7\" data-element_type=\"section\" data-settings=\"{&quot;background_background&quot;:&quot;classic&quot;}\">\n\t\t\t\t\t\t<div class=\"elementor-container elementor-column-gap-default\">\n\t\t\t\t\t<div class=\"elementor-column elementor-col-50 elementor-top-column elementor-element elementor-element-39535b9d\" data-id=\"39535b9d\" data-element_type=\"column\">\n\t\t\t<div class=\"elementor-widget-wrap elementor-element-populated\">\n\t\t\t\t\t\t<div class=\"elementor-element elementor-element-17759db3 elementor-widget elementor-widget-image\" data-id=\"17759db3\" data-element_type=\"widget\" data-widget_type=\"image.default\">\n\t\t\t\t<div class=\"elementor-widget-container\">\n\t\t\t\t\t\t\t\t\t\t\t\t\t\t\t<img decoding=\"async\" width=\"900\" height=\"600\" src=\"https:\/\/www.climatebricks.com\/wp-content\/uploads\/2022\/04\/village_river.jpg\" class=\"attachment-large size-large wp-image-939\" alt=\"\" srcset=\"https:\/\/www.climatebricks.com\/wp-content\/uploads\/2022\/04\/village_river.jpg 900w, https:\/\/www.climatebricks.com\/wp-content\/uploads\/2022\/04\/village_river-300x200.jpg 300w, https:\/\/www.climatebricks.com\/wp-content\/uploads\/2022\/04\/village_river-768x512.jpg 768w\" sizes=\"(max-width: 900px) 100vw, 900px\" \/>\t\t\t\t\t\t\t\t\t\t\t\t\t\t\t<\/div>\n\t\t\t\t<\/div>\n\t\t\t\t\t<\/div>\n\t\t<\/div>\n\t\t\t\t<div class=\"elementor-column elementor-col-50 elementor-top-column elementor-element elementor-element-27c279d1\" data-id=\"27c279d1\" data-element_type=\"column\">\n\t\t\t<div class=\"elementor-widget-wrap elementor-element-populated\">\n\t\t\t\t\t\t<div class=\"elementor-element elementor-element-44a3532f elementor-widget elementor-widget-icon-box\" data-id=\"44a3532f\" data-element_type=\"widget\" data-widget_type=\"icon-box.default\">\n\t\t\t\t<div class=\"elementor-widget-container\">\n\t\t\t\t\t\t\t<div class=\"elementor-icon-box-wrapper\">\n\n\t\t\t\n\t\t\t\t\t\t<div class=\"elementor-icon-box-content\">\n\n\t\t\t\t\t\t\t\t\t<h4 class=\"elementor-icon-box-title\">\n\t\t\t\t\t\t<span  >\n\t\t\t\t\t\t\tWir freuen uns \u00fcber Feedback \t\t\t\t\t\t<\/span>\n\t\t\t\t\t<\/h4>\n\t\t\t\t\n\t\t\t\t\t\t\t\t\t<p class=\"elementor-icon-box-description\">\n\t\t\t\t\t\tWir entwickeln unser Angebot st\u00e4ndig weiter und w\u00fcrden uns freuen, wenn du uns Feedback und Deine Ideen dazu schreiben w\u00fcrdest.\t\t\t\t\t<\/p>\n\t\t\t\t\n\t\t\t<\/div>\n\t\t\t\n\t\t<\/div>\n\t\t\t\t\t\t<\/div>\n\t\t\t\t<\/div>\n\t\t\t\t<div class=\"elementor-element elementor-element-baf01c2 elementor-widget elementor-widget-button\" data-id=\"baf01c2\" data-element_type=\"widget\" data-widget_type=\"button.default\">\n\t\t\t\t<div class=\"elementor-widget-container\">\n\t\t\t\t\t\t\t\t\t<div class=\"elementor-button-wrapper\">\n\t\t\t\t\t<a class=\"elementor-button elementor-button-link elementor-size-sm\" href=\"https:\/\/www.climatebricks.com\/de\/feedback-geben\">\n\t\t\t\t\t\t<span class=\"elementor-button-content-wrapper\">\n\t\t\t\t\t\t\t\t\t<span class=\"elementor-button-text\">Feedback geben<\/span>\n\t\t\t\t\t<\/span>\n\t\t\t\t\t<\/a>\n\t\t\t\t<\/div>\n\t\t\t\t\t\t\t\t<\/div>\n\t\t\t\t<\/div>\n\t\t\t\t\t<\/div>\n\t\t<\/div>\n\t\t\t\t\t<\/div>\n\t\t<\/section>\n\t\t\t\t<\/div>\n\t\t","protected":false},"excerpt":{"rendered":"<p>\u00dcber uns Die umfassende Risikoanalyse f\u00fcr Eigent\u00fcmer und Mieter Wir sind ein engagiertes Team aus Fachleuten in den Bereichen Klimawandel, Immobilien und Risikoanalyse. Mit Climatebricks m\u00f6chten wir es jedem erm\u00f6glichen, von professionellen Analysen der Risiken und Chancen durch den Klimawandel zu profitieren. Email: info@climatebricks.com Telefon: +41 79 875 9243 Location: Z\u00fcrich, Schweiz Wir freuen uns [&hellip;]<\/p>\n","protected":false},"author":3,"featured_media":0,"parent":0,"menu_order":0,"comment_status":"closed","ping_status":"closed","template":"","meta":{"_monsterinsights_skip_tracking":false,"_monsterinsights_sitenote_active":false,"_monsterinsights_sitenote_note":"","_monsterinsights_sitenote_category":0,"site-sidebar-layout":"no-sidebar","site-content-layout":"page-builder","ast-site-content-layout":"default","site-content-style":"default","site-sidebar-style":"default","ast-global-header-display":"","ast-banner-title-visibility":"","ast-main-header-display":"","ast-hfb-above-header-display":"","ast-hfb-below-header-display":"","ast-hfb-mobile-header-display":"","site-post-title":"disabled","ast-breadcrumbs-content":"disabled","ast-featured-img":"disabled","footer-sml-layout":"","ast-disable-related-posts":"","theme-transparent-header-meta":"enabled","adv-header-id-meta":"","stick-header-meta":"","header-above-stick-meta":"","header-main-stick-meta":"","header-below-stick-meta":"","astra-migrate-meta-layouts":"default","ast-page-background-enabled":"default","ast-page-background-meta":{"desktop":{"background-color":"","background-image":"","background-repeat":"repeat","background-position":"center center","background-size":"auto","background-attachment":"scroll","background-type":"","background-media":"","overlay-type":"","overlay-color":"","overlay-opacity":"","overlay-gradient":""},"tablet":{"background-color":"","background-image":"","background-repeat":"repeat","background-position":"center center","background-size":"auto","background-attachment":"scroll","background-type":"","background-media":"","overlay-type":"","overlay-color":"","overlay-opacity":"","overlay-gradient":""},"mobile":{"background-color":"","background-image":"","background-repeat":"repeat","background-position":"center center","background-size":"auto","background-attachment":"scroll","background-type":"","background-media":"","overlay-type":"","overlay-color":"","overlay-opacity":"","overlay-gradient":""}},"ast-content-background-meta":{"desktop":{"background-color":"var(--ast-global-color-5)","background-image":"","background-repeat":"repeat","background-position":"center center","background-size":"auto","background-attachment":"scroll","background-type":"","background-media":"","overlay-type":"","overlay-color":"","overlay-opacity":"","overlay-gradient":""},"tablet":{"background-color":"var(--ast-global-color-5)","background-image":"","background-repeat":"repeat","background-position":"center center","background-size":"auto","background-attachment":"scroll","background-type":"","background-media":"","overlay-type":"","overlay-color":"","overlay-opacity":"","overlay-gradient":""},"mobile":{"background-color":"var(--ast-global-color-5)","background-image":"","background-repeat":"repeat","background-position":"center center","background-size":"auto","background-attachment":"scroll","background-type":"","background-media":"","overlay-type":"","overlay-color":"","overlay-opacity":"","overlay-gradient":""}},"footnotes":""},"class_list":["post-12","page","type-page","status-publish","hentry"],"yoast_head":"<!-- This site is optimized with the Yoast SEO plugin v26.6 - https:\/\/yoast.com\/wordpress\/plugins\/seo\/ -->\n<title>About - Climatebricks<\/title>\n<meta name=\"robots\" content=\"index, follow, max-snippet:-1, max-image-preview:large, max-video-preview:-1\" \/>\n<link rel=\"canonical\" href=\"https:\/\/www.climatebricks.com\/de\/about\" \/>\n<meta property=\"og:locale\" content=\"de_DE\" \/>\n<meta property=\"og:type\" content=\"article\" \/>\n<meta property=\"og:title\" content=\"About - Climatebricks\" \/>\n<meta property=\"og:description\" content=\"\u00dcber uns Die umfassende Risikoanalyse f\u00fcr Eigent\u00fcmer und Mieter Wir sind ein engagiertes Team aus Fachleuten in den Bereichen Klimawandel, Immobilien und Risikoanalyse. Mit Climatebricks m\u00f6chten wir es jedem erm\u00f6glichen, von professionellen Analysen der Risiken und Chancen durch den Klimawandel zu profitieren. Email: info@climatebricks.com Telefon: +41 79 875 9243 Location: Z\u00fcrich, Schweiz Wir freuen uns [&hellip;]\" \/>\n<meta property=\"og:url\" content=\"https:\/\/www.climatebricks.com\/de\/about\" \/>\n<meta property=\"og:site_name\" content=\"Climatebricks\" \/>\n<meta property=\"article:modified_time\" content=\"2022-04-26T18:57:50+00:00\" \/>\n<meta property=\"og:image\" content=\"https:\/\/www.climatebricks.com\/wp-content\/uploads\/2022\/04\/residences.jpg\" \/>\n<meta name=\"twitter:card\" content=\"summary_large_image\" \/>\n<meta name=\"twitter:label1\" content=\"Gesch\u00e4tzte Lesezeit\" \/>\n\t<meta name=\"twitter:data1\" content=\"2\u00a0Minuten\" \/>\n<script type=\"application\/ld+json\" class=\"yoast-schema-graph\">{\"@context\":\"https:\/\/schema.org\",\"@graph\":[{\"@type\":\"WebPage\",\"@id\":\"https:\/\/www.climatebricks.com\/de\/about\",\"url\":\"https:\/\/www.climatebricks.com\/de\/about\",\"name\":\"About - Climatebricks\",\"isPartOf\":{\"@id\":\"https:\/\/www.climatebricks.com\/de#website\"},\"primaryImageOfPage\":{\"@id\":\"https:\/\/www.climatebricks.com\/de\/about#primaryimage\"},\"image\":{\"@id\":\"https:\/\/www.climatebricks.com\/de\/about#primaryimage\"},\"thumbnailUrl\":\"https:\/\/www.climatebricks.com\/wp-content\/uploads\/2022\/04\/residences.jpg\",\"datePublished\":\"2021-07-09T10:15:55+00:00\",\"dateModified\":\"2022-04-26T18:57:50+00:00\",\"breadcrumb\":{\"@id\":\"https:\/\/www.climatebricks.com\/de\/about#breadcrumb\"},\"inLanguage\":\"de\",\"potentialAction\":[{\"@type\":\"ReadAction\",\"target\":[\"https:\/\/www.climatebricks.com\/de\/about\"]}]},{\"@type\":\"ImageObject\",\"inLanguage\":\"de\",\"@id\":\"https:\/\/www.climatebricks.com\/de\/about#primaryimage\",\"url\":\"https:\/\/www.climatebricks.com\/wp-content\/uploads\/2022\/04\/residences.jpg\",\"contentUrl\":\"https:\/\/www.climatebricks.com\/wp-content\/uploads\/2022\/04\/residences.jpg\"},{\"@type\":\"BreadcrumbList\",\"@id\":\"https:\/\/www.climatebricks.com\/de\/about#breadcrumb\",\"itemListElement\":[{\"@type\":\"ListItem\",\"position\":1,\"name\":\"Startseite\",\"item\":\"https:\/\/www.climatebricks.com\/de\"},{\"@type\":\"ListItem\",\"position\":2,\"name\":\"About\"}]},{\"@type\":\"WebSite\",\"@id\":\"https:\/\/www.climatebricks.com\/de#website\",\"url\":\"https:\/\/www.climatebricks.com\/de\",\"name\":\"Climatebricks\",\"description\":\"Leben - Wohnen - Klimawandel\",\"publisher\":{\"@id\":\"https:\/\/www.climatebricks.com\/de#organization\"},\"potentialAction\":[{\"@type\":\"SearchAction\",\"target\":{\"@type\":\"EntryPoint\",\"urlTemplate\":\"https:\/\/www.climatebricks.com\/de?s={search_term_string}\"},\"query-input\":{\"@type\":\"PropertyValueSpecification\",\"valueRequired\":true,\"valueName\":\"search_term_string\"}}],\"inLanguage\":\"de\"},{\"@type\":\"Organization\",\"@id\":\"https:\/\/www.climatebricks.com\/de#organization\",\"name\":\"Climatebricks\",\"url\":\"https:\/\/www.climatebricks.com\/de\",\"logo\":{\"@type\":\"ImageObject\",\"inLanguage\":\"de\",\"@id\":\"https:\/\/www.climatebricks.com\/de#\/schema\/logo\/image\/\",\"url\":\"https:\/\/www.climatebricks.com\/wp-content\/uploads\/2021\/09\/cropped-Climatebricks-Logo.png\",\"contentUrl\":\"https:\/\/www.climatebricks.com\/wp-content\/uploads\/2021\/09\/cropped-Climatebricks-Logo.png\",\"width\":200,\"height\":66,\"caption\":\"Climatebricks\"},\"image\":{\"@id\":\"https:\/\/www.climatebricks.com\/de#\/schema\/logo\/image\/\"}}]}<\/script>\n<!-- \/ Yoast SEO plugin. -->","yoast_head_json":{"title":"About - Climatebricks","robots":{"index":"index","follow":"follow","max-snippet":"max-snippet:-1","max-image-preview":"max-image-preview:large","max-video-preview":"max-video-preview:-1"},"canonical":"https:\/\/www.climatebricks.com\/de\/about","og_locale":"de_DE","og_type":"article","og_title":"About - Climatebricks","og_description":"\u00dcber uns Die umfassende Risikoanalyse f\u00fcr Eigent\u00fcmer und Mieter Wir sind ein engagiertes Team aus Fachleuten in den Bereichen Klimawandel, Immobilien und Risikoanalyse. Mit Climatebricks m\u00f6chten wir es jedem erm\u00f6glichen, von professionellen Analysen der Risiken und Chancen durch den Klimawandel zu profitieren. Email: info@climatebricks.com Telefon: +41 79 875 9243 Location: Z\u00fcrich, Schweiz Wir freuen uns [&hellip;]","og_url":"https:\/\/www.climatebricks.com\/de\/about","og_site_name":"Climatebricks","article_modified_time":"2022-04-26T18:57:50+00:00","og_image":[{"url":"https:\/\/www.climatebricks.com\/wp-content\/uploads\/2022\/04\/residences.jpg","type":"","width":"","height":""}],"twitter_card":"summary_large_image","twitter_misc":{"Gesch\u00e4tzte Lesezeit":"2\u00a0Minuten"},"schema":{"@context":"https:\/\/schema.org","@graph":[{"@type":"WebPage","@id":"https:\/\/www.climatebricks.com\/de\/about","url":"https:\/\/www.climatebricks.com\/de\/about","name":"About - Climatebricks","isPartOf":{"@id":"https:\/\/www.climatebricks.com\/de#website"},"primaryImageOfPage":{"@id":"https:\/\/www.climatebricks.com\/de\/about#primaryimage"},"image":{"@id":"https:\/\/www.climatebricks.com\/de\/about#primaryimage"},"thumbnailUrl":"https:\/\/www.climatebricks.com\/wp-content\/uploads\/2022\/04\/residences.jpg","datePublished":"2021-07-09T10:15:55+00:00","dateModified":"2022-04-26T18:57:50+00:00","breadcrumb":{"@id":"https:\/\/www.climatebricks.com\/de\/about#breadcrumb"},"inLanguage":"de","potentialAction":[{"@type":"ReadAction","target":["https:\/\/www.climatebricks.com\/de\/about"]}]},{"@type":"ImageObject","inLanguage":"de","@id":"https:\/\/www.climatebricks.com\/de\/about#primaryimage","url":"https:\/\/www.climatebricks.com\/wp-content\/uploads\/2022\/04\/residences.jpg","contentUrl":"https:\/\/www.climatebricks.com\/wp-content\/uploads\/2022\/04\/residences.jpg"},{"@type":"BreadcrumbList","@id":"https:\/\/www.climatebricks.com\/de\/about#breadcrumb","itemListElement":[{"@type":"ListItem","position":1,"name":"Startseite","item":"https:\/\/www.climatebricks.com\/de"},{"@type":"ListItem","position":2,"name":"About"}]},{"@type":"WebSite","@id":"https:\/\/www.climatebricks.com\/de#website","url":"https:\/\/www.climatebricks.com\/de","name":"Climatebricks","description":"Leben - Wohnen - Klimawandel","publisher":{"@id":"https:\/\/www.climatebricks.com\/de#organization"},"potentialAction":[{"@type":"SearchAction","target":{"@type":"EntryPoint","urlTemplate":"https:\/\/www.climatebricks.com\/de?s={search_term_string}"},"query-input":{"@type":"PropertyValueSpecification","valueRequired":true,"valueName":"search_term_string"}}],"inLanguage":"de"},{"@type":"Organization","@id":"https:\/\/www.climatebricks.com\/de#organization","name":"Climatebricks","url":"https:\/\/www.climatebricks.com\/de","logo":{"@type":"ImageObject","inLanguage":"de","@id":"https:\/\/www.climatebricks.com\/de#\/schema\/logo\/image\/","url":"https:\/\/www.climatebricks.com\/wp-content\/uploads\/2021\/09\/cropped-Climatebricks-Logo.png","contentUrl":"https:\/\/www.climatebricks.com\/wp-content\/uploads\/2021\/09\/cropped-Climatebricks-Logo.png","width":200,"height":66,"caption":"Climatebricks"},"image":{"@id":"https:\/\/www.climatebricks.com\/de#\/schema\/logo\/image\/"}}]}},"_links":{"self":[{"href":"https:\/\/www.climatebricks.com\/de\/wp-json\/wp\/v2\/pages\/12","targetHints":{"allow":["GET"]}}],"collection":[{"href":"https:\/\/www.climatebricks.com\/de\/wp-json\/wp\/v2\/pages"}],"about":[{"href":"https:\/\/www.climatebricks.com\/de\/wp-json\/wp\/v2\/types\/page"}],"author":[{"embeddable":true,"href":"https:\/\/www.climatebricks.com\/de\/wp-json\/wp\/v2\/users\/3"}],"replies":[{"embeddable":true,"href":"https:\/\/www.climatebricks.com\/de\/wp-json\/wp\/v2\/comments?post=12"}],"version-history":[{"count":40,"href":"https:\/\/www.climatebricks.com\/de\/wp-json\/wp\/v2\/pages\/12\/revisions"}],"predecessor-version":[{"id":1540,"href":"https:\/\/www.climatebricks.com\/de\/wp-json\/wp\/v2\/pages\/12\/revisions\/1540"}],"wp:attachment":[{"href":"https:\/\/www.climatebricks.com\/de\/wp-json\/wp\/v2\/media?parent=12"}],"curies":[{"name":"wp","href":"https:\/\/api.w.org\/{rel}","templated":true}]}}