{"id":1479,"date":"2022-04-25T10:58:50","date_gmt":"2022-04-25T10:58:50","guid":{"rendered":"https:\/\/www.climatebricks.com\/rechtliches-impressum"},"modified":"2022-04-25T10:58:50","modified_gmt":"2022-04-25T10:58:50","slug":"rechtliches-impressum","status":"publish","type":"page","link":"https:\/\/www.climatebricks.com\/de\/rechtliches-impressum","title":{"rendered":"Rechtliches Impressum"},"content":{"rendered":"\n<p>Climatebricks ist eine Initiative von:<\/p>\n\n<p>Sustainaccount SA<br\/>Tramstra\u00dfe 8<br\/>Uetikon am See, Schweiz<br\/>Telefon: +41 79 875 9243<\/p>\n\n<p>E-Mail: <a href=\"mailto:info@climatebricks.com\">info@climatebricks.com<\/a><\/p>\n\n<h2 class=\"wp-block-heading\"><strong>Gesch\u00e4ftsbedingungen<\/strong><\/h2>\n\n<p>Diese Nutzungsbedingungen regeln den Zugang zu dieser Website. Indem Sie auf diese Website zugreifen und sie weiterhin nutzen, akzeptieren Sie diese Nutzungsbedingungen.<\/p>\n\n<h2 class=\"wp-block-heading\"><strong>Urheberrechte \u00a9<\/strong><\/h2>\n\n<p>Das Urheberrecht und alle anderen Rechte in Bezug auf die auf dieser Website verf\u00fcgbaren Inhalte sind unser ausschlie\u00dfliches Eigentum oder das aller anderen ausdr\u00fccklich genannten Eigent\u00fcmer. Durch das Herunterladen oder Kopieren von Texten, Bildern, Fotos oder sonstigen Dateien werden keinerlei Rechte an den Inhalten \u00fcbertragen. Jede Vervielf\u00e4ltigung bedarf der vorherigen schriftlichen Zustimmung des Rechteinhabers.<\/p>\n\n<h2 class=\"wp-block-heading\"><strong>Privatsph\u00e4re<\/strong><\/h2>\n\n<p>Diese Datenschutzerkl\u00e4rung gilt f\u00fcr alle Seiten dieser Website und f\u00fcr die \u00fcber diese Webseiten erhobenen personenbezogenen Daten. Jegliche Verlinkung zu externen Webseiten liegt au\u00dferhalb des Geltungsbereichs dieser Datenschutzerkl\u00e4rung. Diese Datenschutzerkl\u00e4rung kann jederzeit ohne vorherige Ank\u00fcndigung ge\u00e4ndert werden.<\/p>\n\n<p>Die Verarbeitung personenbezogener Daten beschr\u00e4nkt sich auf diejenigen Daten, die zur Bereitstellung einer funktionsf\u00e4higen Website sowie nutzerfreundlicher Inhalte und Dienste erforderlich sind oder die Sie uns aktiv zur Verf\u00fcgung gestellt haben. Wir geben Ihre personenbezogenen Daten nicht an Dritte weiter. Ihre personenbezogenen Daten k\u00f6nnen auf Wunsch gel\u00f6scht oder korrigiert werden.<\/p>\n\n<h2 class=\"wp-block-heading\"><strong>Kekse<\/strong><\/h2>\n\n<p>Diese Website verwendet Cookies. Durch den Zugriff auf diese Website stimmen Sie der Verwendung von Cookies gem\u00e4\u00df unserer Datenschutzerkl\u00e4rung zu. Cookies werden von unserer Website verwendet, um die Funktionalit\u00e4t bestimmter Bereiche zu erm\u00f6glichen und den Besuchern unserer Website den Besuch zu erleichtern. Einige unserer verbundenen Unternehmen oder Werbepartner k\u00f6nnen ebenfalls Cookies verwenden. <\/p>\n\n<h2 class=\"wp-block-heading\"><strong>Verlinkte Inhalte<\/strong><\/h2>\n\n<p>Wir behalten uns das Recht vor, Sie aufzufordern, alle Links oder bestimmte Links zu unserer Website zu entfernen. Sie stimmen zu, alle Links zu unserer Website auf Anfrage sofort zu entfernen. Wir behalten uns au\u00dferdem das Recht vor, diese Allgemeinen Gesch\u00e4ftsbedingungen und ihre Verkn\u00fcpfungsrichtlinie jederzeit zu \u00e4ndern. Indem Sie kontinuierlich auf unsere Website verlinken, erkl\u00e4ren Sie sich damit einverstanden, an diese Verlinkungsbedingungen gebunden zu sein und diese zu befolgen.<\/p>\n\n<h2 class=\"wp-block-heading\"><strong>Haftungsausschluss<\/strong><\/h2>\n\n<p>Soweit nach geltendem Recht zul\u00e4ssig, schlie\u00dfen wir alle Zusicherungen, Gew\u00e4hrleistungen und Bedingungen in Bezug auf unsere Website und die Nutzung dieser Website und ihrer Inhalte aus. Wir behalten uns das Recht vor, Inhalte ohne vorherige Ank\u00fcndigung ganz oder teilweise zu \u00e4ndern oder zu entfernen. In keinem Fall haften wir f\u00fcr Sch\u00e4den materieller oder immaterieller Art, die aus dem Zugriff oder der Nutzung oder Nichtnutzung ver\u00f6ffentlichter oder heruntergeladener Informationen sowie durch Missbrauch der Verbindung oder technische St\u00f6rungen entstehen. Links zu Webseiten Dritter liegen ausserhalb unseres Verantwortungsbereichs. Der Zugriff und die Nutzung solcher Websites erfolgen ausschlie\u00dflich auf eigene Gefahr des Nutzers. Wir weisen ausdr\u00fccklich darauf hin, dass wir keinerlei Einfluss auf die Inhalte verlinkter Seiten haben und keinerlei Verantwortung f\u00fcr Informationen und Dienste verlinkter Seiten \u00fcbernehmen.<\/p>\n","protected":false},"excerpt":{"rendered":"<p>Climatebricks ist eine Initiative von: Sustainaccount SATramstra\u00dfe 8Uetikon am See, SchweizTelefon: +41 79 875 9243 E-Mail: info@climatebricks.com Gesch\u00e4ftsbedingungen Diese Nutzungsbedingungen regeln den Zugang zu dieser Website. Indem Sie auf diese Website zugreifen und sie weiterhin nutzen, akzeptieren Sie diese Nutzungsbedingungen. Urheberrechte \u00a9 Das Urheberrecht und alle anderen Rechte in Bezug auf die auf dieser Website [&hellip;]<\/p>\n","protected":false},"author":3,"featured_media":0,"parent":0,"menu_order":0,"comment_status":"closed","ping_status":"closed","template":"","meta":{"_monsterinsights_skip_tracking":false,"_monsterinsights_sitenote_active":false,"_monsterinsights_sitenote_note":"","_monsterinsights_sitenote_category":0,"site-sidebar-layout":"default","site-content-layout":"","ast-site-content-layout":"default","site-content-style":"default","site-sidebar-style":"default","ast-global-header-display":"","ast-banner-title-visibility":"","ast-main-header-display":"","ast-hfb-above-header-display":"","ast-hfb-below-header-display":"","ast-hfb-mobile-header-display":"","site-post-title":"","ast-breadcrumbs-content":"","ast-featured-img":"","footer-sml-layout":"","ast-disable-related-posts":"","theme-transparent-header-meta":"","adv-header-id-meta":"","stick-header-meta":"","header-above-stick-meta":"","header-main-stick-meta":"","header-below-stick-meta":"","astra-migrate-meta-layouts":"default","ast-page-background-enabled":"default","ast-page-background-meta":{"desktop":{"background-color":"","background-image":"","background-repeat":"repeat","background-position":"center center","background-size":"auto","background-attachment":"scroll","background-type":"","background-media":"","overlay-type":"","overlay-color":"","overlay-opacity":"","overlay-gradient":""},"tablet":{"background-color":"","background-image":"","background-repeat":"repeat","background-position":"center center","background-size":"auto","background-attachment":"scroll","background-type":"","background-media":"","overlay-type":"","overlay-color":"","overlay-opacity":"","overlay-gradient":""},"mobile":{"background-color":"","background-image":"","background-repeat":"repeat","background-position":"center center","background-size":"auto","background-attachment":"scroll","background-type":"","background-media":"","overlay-type":"","overlay-color":"","overlay-opacity":"","overlay-gradient":""}},"ast-content-background-meta":{"desktop":{"background-color":"var(--ast-global-color-5)","background-image":"","background-repeat":"repeat","background-position":"center center","background-size":"auto","background-attachment":"scroll","background-type":"","background-media":"","overlay-type":"","overlay-color":"","overlay-opacity":"","overlay-gradient":""},"tablet":{"background-color":"var(--ast-global-color-5)","background-image":"","background-repeat":"repeat","background-position":"center center","background-size":"auto","background-attachment":"scroll","background-type":"","background-media":"","overlay-type":"","overlay-color":"","overlay-opacity":"","overlay-gradient":""},"mobile":{"background-color":"var(--ast-global-color-5)","background-image":"","background-repeat":"repeat","background-position":"center center","background-size":"auto","background-attachment":"scroll","background-type":"","background-media":"","overlay-type":"","overlay-color":"","overlay-opacity":"","overlay-gradient":""}},"footnotes":""},"class_list":["post-1479","page","type-page","status-publish","hentry"],"yoast_head":"<!-- This site is optimized with the Yoast SEO plugin v26.6 - https:\/\/yoast.com\/wordpress\/plugins\/seo\/ -->\n<title>Rechtliches Impressum - Climatebricks<\/title>\n<meta name=\"robots\" content=\"index, follow, max-snippet:-1, max-image-preview:large, max-video-preview:-1\" \/>\n<link rel=\"canonical\" href=\"https:\/\/www.climatebricks.com\/de\/rechtliches-impressum\" \/>\n<meta property=\"og:locale\" content=\"de_DE\" \/>\n<meta property=\"og:type\" content=\"article\" \/>\n<meta property=\"og:title\" content=\"Rechtliches Impressum - Climatebricks\" \/>\n<meta property=\"og:description\" content=\"Climatebricks ist eine Initiative von: Sustainaccount SATramstra\u00dfe 8Uetikon am See, SchweizTelefon: +41 79 875 9243 E-Mail: info@climatebricks.com Gesch\u00e4ftsbedingungen Diese Nutzungsbedingungen regeln den Zugang zu dieser Website. Indem Sie auf diese Website zugreifen und sie weiterhin nutzen, akzeptieren Sie diese Nutzungsbedingungen. Urheberrechte \u00a9 Das Urheberrecht und alle anderen Rechte in Bezug auf die auf dieser Website [&hellip;]\" \/>\n<meta property=\"og:url\" content=\"https:\/\/www.climatebricks.com\/de\/rechtliches-impressum\" \/>\n<meta property=\"og:site_name\" content=\"Climatebricks\" \/>\n<meta property=\"og:image\" content=\"https:\/\/www.climatebricks.com\/wp-content\/uploads\/2022\/04\/trees.jpg\" \/>\n\t<meta property=\"og:image:width\" content=\"1920\" \/>\n\t<meta property=\"og:image:height\" content=\"1160\" \/>\n\t<meta property=\"og:image:type\" content=\"image\/jpeg\" \/>\n<meta name=\"twitter:card\" content=\"summary_large_image\" \/>\n<meta name=\"twitter:label1\" content=\"Gesch\u00e4tzte Lesezeit\" \/>\n\t<meta name=\"twitter:data1\" content=\"2\u00a0Minuten\" \/>\n<script type=\"application\/ld+json\" class=\"yoast-schema-graph\">{\"@context\":\"https:\/\/schema.org\",\"@graph\":[{\"@type\":\"WebPage\",\"@id\":\"https:\/\/www.climatebricks.com\/de\/rechtliches-impressum\",\"url\":\"https:\/\/www.climatebricks.com\/de\/rechtliches-impressum\",\"name\":\"Rechtliches Impressum - Climatebricks\",\"isPartOf\":{\"@id\":\"https:\/\/www.climatebricks.com\/de#website\"},\"datePublished\":\"2022-04-25T10:58:50+00:00\",\"breadcrumb\":{\"@id\":\"https:\/\/www.climatebricks.com\/de\/rechtliches-impressum#breadcrumb\"},\"inLanguage\":\"de\",\"potentialAction\":[{\"@type\":\"ReadAction\",\"target\":[\"https:\/\/www.climatebricks.com\/de\/rechtliches-impressum\"]}]},{\"@type\":\"BreadcrumbList\",\"@id\":\"https:\/\/www.climatebricks.com\/de\/rechtliches-impressum#breadcrumb\",\"itemListElement\":[{\"@type\":\"ListItem\",\"position\":1,\"name\":\"Startseite\",\"item\":\"https:\/\/www.climatebricks.com\/de\"},{\"@type\":\"ListItem\",\"position\":2,\"name\":\"Rechtliches Impressum\"}]},{\"@type\":\"WebSite\",\"@id\":\"https:\/\/www.climatebricks.com\/de#website\",\"url\":\"https:\/\/www.climatebricks.com\/de\",\"name\":\"Climatebricks\",\"description\":\"Leben - Wohnen - Klimawandel\",\"publisher\":{\"@id\":\"https:\/\/www.climatebricks.com\/de#organization\"},\"potentialAction\":[{\"@type\":\"SearchAction\",\"target\":{\"@type\":\"EntryPoint\",\"urlTemplate\":\"https:\/\/www.climatebricks.com\/de?s={search_term_string}\"},\"query-input\":{\"@type\":\"PropertyValueSpecification\",\"valueRequired\":true,\"valueName\":\"search_term_string\"}}],\"inLanguage\":\"de\"},{\"@type\":\"Organization\",\"@id\":\"https:\/\/www.climatebricks.com\/de#organization\",\"name\":\"Climatebricks\",\"url\":\"https:\/\/www.climatebricks.com\/de\",\"logo\":{\"@type\":\"ImageObject\",\"inLanguage\":\"de\",\"@id\":\"https:\/\/www.climatebricks.com\/de#\/schema\/logo\/image\/\",\"url\":\"https:\/\/www.climatebricks.com\/wp-content\/uploads\/2021\/09\/cropped-Climatebricks-Logo.png\",\"contentUrl\":\"https:\/\/www.climatebricks.com\/wp-content\/uploads\/2021\/09\/cropped-Climatebricks-Logo.png\",\"width\":200,\"height\":66,\"caption\":\"Climatebricks\"},\"image\":{\"@id\":\"https:\/\/www.climatebricks.com\/de#\/schema\/logo\/image\/\"}}]}<\/script>\n<!-- \/ Yoast SEO plugin. -->","yoast_head_json":{"title":"Rechtliches Impressum - Climatebricks","robots":{"index":"index","follow":"follow","max-snippet":"max-snippet:-1","max-image-preview":"max-image-preview:large","max-video-preview":"max-video-preview:-1"},"canonical":"https:\/\/www.climatebricks.com\/de\/rechtliches-impressum","og_locale":"de_DE","og_type":"article","og_title":"Rechtliches Impressum - Climatebricks","og_description":"Climatebricks ist eine Initiative von: Sustainaccount SATramstra\u00dfe 8Uetikon am See, SchweizTelefon: +41 79 875 9243 E-Mail: info@climatebricks.com Gesch\u00e4ftsbedingungen Diese Nutzungsbedingungen regeln den Zugang zu dieser Website. Indem Sie auf diese Website zugreifen und sie weiterhin nutzen, akzeptieren Sie diese Nutzungsbedingungen. Urheberrechte \u00a9 Das Urheberrecht und alle anderen Rechte in Bezug auf die auf dieser Website [&hellip;]","og_url":"https:\/\/www.climatebricks.com\/de\/rechtliches-impressum","og_site_name":"Climatebricks","og_image":[{"width":1920,"height":1160,"url":"https:\/\/www.climatebricks.com\/wp-content\/uploads\/2022\/04\/trees.jpg","type":"image\/jpeg"}],"twitter_card":"summary_large_image","twitter_misc":{"Gesch\u00e4tzte Lesezeit":"2\u00a0Minuten"},"schema":{"@context":"https:\/\/schema.org","@graph":[{"@type":"WebPage","@id":"https:\/\/www.climatebricks.com\/de\/rechtliches-impressum","url":"https:\/\/www.climatebricks.com\/de\/rechtliches-impressum","name":"Rechtliches Impressum - Climatebricks","isPartOf":{"@id":"https:\/\/www.climatebricks.com\/de#website"},"datePublished":"2022-04-25T10:58:50+00:00","breadcrumb":{"@id":"https:\/\/www.climatebricks.com\/de\/rechtliches-impressum#breadcrumb"},"inLanguage":"de","potentialAction":[{"@type":"ReadAction","target":["https:\/\/www.climatebricks.com\/de\/rechtliches-impressum"]}]},{"@type":"BreadcrumbList","@id":"https:\/\/www.climatebricks.com\/de\/rechtliches-impressum#breadcrumb","itemListElement":[{"@type":"ListItem","position":1,"name":"Startseite","item":"https:\/\/www.climatebricks.com\/de"},{"@type":"ListItem","position":2,"name":"Rechtliches Impressum"}]},{"@type":"WebSite","@id":"https:\/\/www.climatebricks.com\/de#website","url":"https:\/\/www.climatebricks.com\/de","name":"Climatebricks","description":"Leben - Wohnen - Klimawandel","publisher":{"@id":"https:\/\/www.climatebricks.com\/de#organization"},"potentialAction":[{"@type":"SearchAction","target":{"@type":"EntryPoint","urlTemplate":"https:\/\/www.climatebricks.com\/de?s={search_term_string}"},"query-input":{"@type":"PropertyValueSpecification","valueRequired":true,"valueName":"search_term_string"}}],"inLanguage":"de"},{"@type":"Organization","@id":"https:\/\/www.climatebricks.com\/de#organization","name":"Climatebricks","url":"https:\/\/www.climatebricks.com\/de","logo":{"@type":"ImageObject","inLanguage":"de","@id":"https:\/\/www.climatebricks.com\/de#\/schema\/logo\/image\/","url":"https:\/\/www.climatebricks.com\/wp-content\/uploads\/2021\/09\/cropped-Climatebricks-Logo.png","contentUrl":"https:\/\/www.climatebricks.com\/wp-content\/uploads\/2021\/09\/cropped-Climatebricks-Logo.png","width":200,"height":66,"caption":"Climatebricks"},"image":{"@id":"https:\/\/www.climatebricks.com\/de#\/schema\/logo\/image\/"}}]}},"_links":{"self":[{"href":"https:\/\/www.climatebricks.com\/de\/wp-json\/wp\/v2\/pages\/1479","targetHints":{"allow":["GET"]}}],"collection":[{"href":"https:\/\/www.climatebricks.com\/de\/wp-json\/wp\/v2\/pages"}],"about":[{"href":"https:\/\/www.climatebricks.com\/de\/wp-json\/wp\/v2\/types\/page"}],"author":[{"embeddable":true,"href":"https:\/\/www.climatebricks.com\/de\/wp-json\/wp\/v2\/users\/3"}],"replies":[{"embeddable":true,"href":"https:\/\/www.climatebricks.com\/de\/wp-json\/wp\/v2\/comments?post=1479"}],"version-history":[{"count":1,"href":"https:\/\/www.climatebricks.com\/de\/wp-json\/wp\/v2\/pages\/1479\/revisions"}],"predecessor-version":[{"id":1480,"href":"https:\/\/www.climatebricks.com\/de\/wp-json\/wp\/v2\/pages\/1479\/revisions\/1480"}],"wp:attachment":[{"href":"https:\/\/www.climatebricks.com\/de\/wp-json\/wp\/v2\/media?parent=1479"}],"curies":[{"name":"wp","href":"https:\/\/api.w.org\/{rel}","templated":true}]}}